{"id":89,"date":"2025-11-27T14:03:44","date_gmt":"2025-11-27T14:03:44","guid":{"rendered":"https:\/\/hugobotia.fpcei.eu\/?page_id=89"},"modified":"2025-11-27T14:03:44","modified_gmt":"2025-11-27T14:03:44","slug":"contacto","status":"publish","type":"page","link":"https:\/\/hugobotia.fpcei.eu\/?page_id=89","title":{"rendered":"Contacto"},"content":{"rendered":"\n<p>\u00bfTienes preguntas, sugerencias o quieres ponerte en contacto conmigo? \u00a1Me encantar\u00eda saber de ti! Puedes escribirme directamente por correo electr\u00f3nico o seguirme en mis redes sociales para estar al d\u00eda de todas las novedades y consejos de decoraci\u00f3n.<\/p>\n\n\n\n<h3 class=\"wp-block-heading\"><strong>Correo electr\u00f3nico<\/strong><\/h3>\n\n\n\n<p><\/p>\n\n\n\n<h3 class=\"wp-block-heading\"><strong>Redes sociales<\/strong><\/h3>\n\n\n\n<ul class=\"wp-block-list\">\n<li><a href=\"https:\/\/www.facebook.com\/\">Facebook<\/a><\/li>\n\n\n\n<li><a>Instagram<\/a><\/li>\n\n\n\n<li><a href=\"https:\/\/www.pinterest.com\/\">Pinterest<\/a><\/li>\n\n\n\n<li><a href=\"https:\/\/twitter.com\/\">Twitter<\/a><\/li>\n<\/ul>\n\n\n\n<figure class=\"wp-block-pullquote\"><blockquote><p>\u201cTu opini\u00f3n es importante, as\u00ed que no dudes en escribirme y compartir tus ideas o dudas sobre decoraci\u00f3n.\u201d<\/p><\/blockquote><\/figure>\n\n\n\n<p><\/p>\n","protected":false},"excerpt":{"rendered":"<p>\u00bfTienes preguntas, sugerencias o quieres ponerte en contacto conmigo? \u00a1Me encantar\u00eda saber de ti! Puedes escribirme directamente por correo electr\u00f3nico [&hellip;]<\/p>\n","protected":false},"author":2,"featured_media":0,"parent":0,"menu_order":0,"comment_status":"closed","ping_status":"closed","template":"","meta":{"site-sidebar-layout":"default","site-content-layout":"","ast-site-content-layout":"default","site-content-style":"default","site-sidebar-style":"default","ast-global-header-display":"","ast-banner-title-visibility":"","ast-main-header-display":"","ast-hfb-above-header-display":"","ast-hfb-below-header-display":"","ast-hfb-mobile-header-display":"","site-post-title":"","ast-breadcrumbs-content":"","ast-featured-img":"","footer-sml-layout":"","theme-transparent-header-meta":"","adv-header-id-meta":"","stick-header-meta":"","header-above-stick-meta":"","header-main-stick-meta":"","header-below-stick-meta":"","astra-migrate-meta-layouts":"default","ast-page-background-enabled":"default","ast-page-background-meta":{"desktop":{"background-color":"var(--ast-global-color-5)","background-image":"","background-repeat":"repeat","background-position":"center center","background-size":"auto","background-attachment":"scroll","background-type":"","background-media":"","overlay-type":"","overlay-color":"","overlay-opacity":"","overlay-gradient":""},"tablet":{"background-color":"","background-image":"","background-repeat":"repeat","background-position":"center center","background-size":"auto","background-attachment":"scroll","background-type":"","background-media":"","overlay-type":"","overlay-color":"","overlay-opacity":"","overlay-gradient":""},"mobile":{"background-color":"","background-image":"","background-repeat":"repeat","background-position":"center center","background-size":"auto","background-attachment":"scroll","background-type":"","background-media":"","overlay-type":"","overlay-color":"","overlay-opacity":"","overlay-gradient":""}},"ast-content-background-meta":{"desktop":{"background-color":"var(--ast-global-color-4)","background-image":"","background-repeat":"repeat","background-position":"center center","background-size":"auto","background-attachment":"scroll","background-type":"","background-media":"","overlay-type":"","overlay-color":"","overlay-opacity":"","overlay-gradient":""},"tablet":{"background-color":"var(--ast-global-color-4)","background-image":"","background-repeat":"repeat","background-position":"center center","background-size":"auto","background-attachment":"scroll","background-type":"","background-media":"","overlay-type":"","overlay-color":"","overlay-opacity":"","overlay-gradient":""},"mobile":{"background-color":"var(--ast-global-color-4)","background-image":"","background-repeat":"repeat","background-position":"center center","background-size":"auto","background-attachment":"scroll","background-type":"","background-media":"","overlay-type":"","overlay-color":"","overlay-opacity":"","overlay-gradient":""}},"footnotes":""},"class_list":["post-89","page","type-page","status-publish","hentry"],"_links":{"self":[{"href":"https:\/\/hugobotia.fpcei.eu\/index.php?rest_route=\/wp\/v2\/pages\/89","targetHints":{"allow":["GET"]}}],"collection":[{"href":"https:\/\/hugobotia.fpcei.eu\/index.php?rest_route=\/wp\/v2\/pages"}],"about":[{"href":"https:\/\/hugobotia.fpcei.eu\/index.php?rest_route=\/wp\/v2\/types\/page"}],"author":[{"embeddable":true,"href":"https:\/\/hugobotia.fpcei.eu\/index.php?rest_route=\/wp\/v2\/users\/2"}],"replies":[{"embeddable":true,"href":"https:\/\/hugobotia.fpcei.eu\/index.php?rest_route=%2Fwp%2Fv2%2Fcomments&post=89"}],"version-history":[{"count":1,"href":"https:\/\/hugobotia.fpcei.eu\/index.php?rest_route=\/wp\/v2\/pages\/89\/revisions"}],"predecessor-version":[{"id":90,"href":"https:\/\/hugobotia.fpcei.eu\/index.php?rest_route=\/wp\/v2\/pages\/89\/revisions\/90"}],"wp:attachment":[{"href":"https:\/\/hugobotia.fpcei.eu\/index.php?rest_route=%2Fwp%2Fv2%2Fmedia&parent=89"}],"curies":[{"name":"wp","href":"https:\/\/api.w.org\/{rel}","templated":true}]}}