{"id":85,"date":"2025-11-27T13:25:41","date_gmt":"2025-11-27T13:25:41","guid":{"rendered":"https:\/\/hugobotia.fpcei.eu\/?page_id=85"},"modified":"2025-11-27T13:25:41","modified_gmt":"2025-11-27T13:25:41","slug":"nuestros-servicios","status":"publish","type":"page","link":"https:\/\/hugobotia.fpcei.eu\/?page_id=85","title":{"rendered":"Nuestros Servicios"},"content":{"rendered":"\n<p><\/p>\n\n\n\n<p>Ofrecemos soluciones e ideas para que tu hogar se transforme en un espacio acogedor, funcional y con estilo. Aunque nuestro sitio es principalmente de inspiraci\u00f3n y consejos, tambi\u00e9n hemos creado una serie de servicios pensados para ayudarte a llevar la decoraci\u00f3n a otro nivel.<\/p>\n\n\n\n<figure class=\"wp-block-image size-large\"><img decoding=\"async\" src=\"data:image\/jpeg;base64,\/9j\/4AAQSkZJRgABAQAAAQABAAD\/2wCEAAkGBxMTEhUSEhMWFhUXFxkaGRYXGBcYGBgYGxgaFhkdGBgdHyggGhomHx0aITEhJSkrLi4uGh8zODMtNygtLisBCgoKDg0OGhAQGi0lHyUtLS0tLS0tLS0tLS0tLS0tLS0tLS0tLS0tLS0tLS0tLS0tLS0tLS0tLS0tLS0tLS0tLf\/AABEIALwBDAMBIgACEQEDEQH\/xAAcAAACAgMBAQAAAAAAAAAAAAAFBgQHAQIDAAj\/xABOEAACAQIDBQUDCQUGAggHAQABAhEAAwQSIQUGMUFREyJhcYEykaEHFCNCUrGywdEkM3KC8GJzkqLh8RWzJTRDU1STwtIWNWNko8PiCP\/EABkBAAMBAQEAAAAAAAAAAAAAAAECAwAEBf\/EACQRAAICAwACAgIDAQAAAAAAAAABAhEDITESQTJRBGEUInET\/9oADAMBAAIRAxEAPwB\/27g+0BHPlXPcraBDvYfRwJHiBpRLaZyNrwodjMHle3i0+qRnj7PA0TFdfLpbPz60x0DYbLPLS40+7MPhTLizNtD1RD71BoN8u1r9pwjz3Ws3R1Ah0M+M5h7qKlpsWD1s2j\/kWkmGPR5wB+htf3afhFdbWJXqfcf0rls79za\/u0\/CKkLaB6+hYfcaxiVZvr1+\/rH3isbWb6FvNfxrWbNrxbyzH9a57ZWLLeafjWs+GQrYqO0Mfl+Rmi2Cnx\/z0HxjDtOXvU\/frRXAAdPw\/rSxMwok+P8AmoDvF+\/byX8Io\/aIHI\/D9aXt5LwGIYHmF\/CKMuHP+R8QbFYivEg1qTSHGeas4azndU+0wHvOtaE0W3eSLjXCNLaFvU6D86KQ0Fckgn2oa\/cA4C26jyUR981W+Dw2UghQSOBbkCSxAPQkzHCfg\/7LeXb+B\/upbweHkiq0n09EZd1VYyxAAHIcz4nnpTLNQNmWMiAVticQI46Ax5tMAe\/SiYmhh1FbVX+08XjbTdrnDIDqq6geaxED3\/fTvs7EG5bRyIzKDHmJpIzUguNHtoeyPP8AI0PNTNq3lVVzGJYAecH3VDNMA1NUjvpsL5niXOvYuS1siNAdSh4RlOnllq7qo75WMfcO0HtOIVFTJ4qUBn\/FmH8tLJaAxZuZnac7gaQASAsaCAD8eNHDfxDYdit1YtomZBpnAeFdwulxwbgHe5QeIMrltuZ9B\/XCjGCxEW7s+ybZ08oYe6KS6EYJXOW7ozOTOveYk9BpJ8INcMS91Xi5nV1OisChEHkukajlRzD2UZSzd+3zIiU1EllM5hE+8HSvFSiEA9pZIKFHllA0M251tsIBGU\/odZrGjc+5bDWsW968pIklbhOQglXz2WUZ7UgjuFyAdQsSLjtXAwDKQynUEGQR1B5iq\/3RsWxgktAdtZBIu2nAFy2zgXi1oiJEOpI46adKL7GuvhMQMKfpMPeLNYugDut9dHgAHUTMTLSZk5aLgUxvWs1qtb0RiDvAo7PNXHde4XDyO5AAnnyNRN68VFq2g4uwX8z91GtiWglpV4EiY8+HwohKo+WZSU2e06gYhPcbX6VOwRJwmGmZ+b2pkQf3a8Ryrj8tjBLeFXmLt73FVP6V22bczYPDMOBs2\/wgUk+Bj0fdnNFi1\/d2+n2RUi3fHT4p+tRNn64e1\/d2\/wAIqTajq3uP6VkYn2bo\/or+tcduP9A3mn41rZGAEliB1OgrjvA0Yd9eafjWs+GQsYm4O0jx5sfOjWzyIGg+FLt659Jx+L\/pRmztG1bXNduhAOJJaAJAnUcOHvpYmYdt5fD4Ugb\/AGJIxTgq3AZSuk9xSZPTn\/KR0qZ8mW9x2iMWX7pS8Ci6ytl1i2Dr7Uo8+JqNvdiAuOuNA7qpOmvsDnPE8J6A8qaXDnz\/ABB2y2Y98kxqDmWC2mkcNPcZFTFxSlmWRK8vDy+H+4ofj7xZVYGCpMH6skEcDxE8OXjWMNxzRGgjjx5kzxbxqZxhMtRvCdzCzzuv\/lT\/APr76WhdJ0pj2y4QpZn90iqf4iJJ9dKeK2W\/HX9rO+xW+kb+7f7qB7NJuTl1KnUUY3febhH9h\/uoXgtl3Rc7hKyILeH61Q7UOWExi923xbgfCBME9Y5Uj704m6M1kErF03FYcZnMvuOv+1OWzcEtpco1PM9SedA9sbNZrhMSDWRjlsXbb3gVvW0Vgpl5OUn+CNJ\/ipjG0LOHsi7eZbeYDTWWMfVXifShOE2NasW2v3pKopYry0ExHM1XO19p3MRda7dOp4Dkq8lXwH+tDS4LOdDvtnfLBX17N0xBUGQyhFIMESJaeBNc7uOv4gAbOxNkuIm1ftlLkRq06i4eHshRx46AIFbWrhUhlJVgZBBggjgQaFklkdk7E2cdiLz2b+07dhQ4TS5bln7vcRLZQk6gQ3OREgwW29uWbmHt4btmv3wbjWr16M4RU\/dFhqULlNTMFumlQtq7D+fXsBtG0oF5cTbt4uBGbs4urd88q5T\/ABKPq098cT\/d2Z\/814\/\/AE0KLLaPnbHbNvWbnZ37T226OCJ\/hPBh4iRUvAIzF0g+w+nQZCfur6A24F+b3c6qwCMQrAFS0HLofGKWMBudYFtsSEuB3tXfowZlXRhbgEz2kFZ1iSaVxFaKUwOIdCCjRBkHof06+FPl7ZoFoOe7ZcYe4yHRjnLTaXxBD8NYFctwth4AuUxrntg2XsmBS0GBAyl5lm5EHKNY141Ym8u5FjFFHDPauWwApUkpA5G2THhK5ToNTFar2ZxsTsPtr\/h20XME4XFKl8oJOVXGYug6q2cZRxVdNQoqw9lYP6R7i32ZHcXQoKlGVrQRSNDocuaQdWUnQEyi79buXiNnWbKm5dCvZzDRcoIZSx+qApMk9Tx0l93Y2QcLh7dpnzsgImIABObKvPKCTE8unCmRkGRW1aitqYcW8QBiHsMOAzE+DREH40ex7IVRG+se6OElQW4+k0HxmGNp+1T2T7Y6HgG\/I+lSMXeFyyp+ulxDHAgzHxBNExS3ytbQu3Mb2d2ALY7qjUAMJmYBJIAnyFOWyP8AqeH\/ALpfH4wPuqu\/lDxgvbQvuNQHyA9cihD8Qaf9gXB8yseCEc+TMOevvpJ8DHo\/7Lb9ntf3SfgFbWm6\/cf\/AHVpstZw9of\/AE7f4R4V0+aHw9y\/+2sjCH8rG3riomHtEqG7zkSJA4LM8Of8tK2yd8b1qybTMXsNAykybZBB7h5cPZ4eVWZtfdZL7AuFPoP0qtt6vk+uYcubGIssjAsLNx8l6OQQHR41EyPzpWiU07TQS2nt9e1VbbZpXOWBeBbILLHidPIelLWz98EuJes4rMDcDKrgEhVafaGaQRPIGfSTz3X2NcONaw7AnsCc0MVOU20IEwdDI9PGuO392Gw7nNAJOa231WPEqQfXj91aKQW21Y4\/\/wCf7DD55cI7p7FAdYLL2jMNOgZfeKL794jJjrpIlcqFgYBJyKBlJOh0J66UA2Rv2uCwarbwyk27S80VWvsoZyRM5Q2aTxJyqOoY\/lCthsUw4HuEmOIyKND6\/wCWNaMnolma8AE20xm72UnQdMpggzPj956azzcJE0Iw2HyS2WSCeAbXT6oPjz86nZj0ikORhrdix2mJtg+ypzt5J3tfCYHrWMRjjcd3P1mJHgCdB7tK7bD+jw2JvHiwFlfNtXj0g+lQ7VrTjTrh24I1Gxg3SM34\/sN+VM1rCqPr\/wCU0sboj6f+R\/ypqUVSOypuLa\/a+BrPZL9r4VBubRWSFDPBg5coAPDixAOsgxMQZrth8Ur8Dw4gyCP668KagWDd+R+wXspnW3Pl2izVSVd+Kw63Lb2n9l1KnwkRPmKpza+zLmHutauiCOB5MvJl8D8OHKkaJ5Psh16vVtatliFUEsTAAEkk8ABzNKTHn5M1lMUCYX6LXjrLz+VNVnAIHd+0nMFHsHQLPj1Yn1qHuzsn5vhxZJBuE57sEGGIAC+gj1150ScgU6iWjaVEXauBtvaKteyrKsxyk91HDsOPMLE+NSLttMpi7lJGhyExpoY8OlQMReS4xw4YFj+8UGStv62bpm9jr3p5VNxjqqlmIAAJLEgADmSToBR8RrFDfHdXB3XA+cLYvKAGPYm4HUie+JEtr7QM66zpHfYjfN1FttpW7qDgGw13MB0DdoTHnMVw3xb9rfnon4RQaQdal7OaWeSk0Pf\/ABrB\/wDiBP8Adv68vL3Vs23cGOOIH+B\/0qvWYdKjsdCaNi\/yZfSLH\/8AiXBf+IH\/AJdz9KnjaNj\/AL3\/ACt+lVVsfDZ7ongup8+Xx19KtPd\/Ar2IZhOYkienD8vjRsfHlnN1oHYjGZmXKM2YGF+0p4z0FK+8GKexabKZciE6qx0n0GvpTJjMVbUShnmI\/OlPbWNDElon7qLOtFZ4nYtwjlPiaJYTbN+xaSyFtEICATnJMsW8OtTtoYgVndTYnzzErbclbSgvdIMEW1iYPIkkDwknlSdGr2GNh76bQa0GTD4dbFsBDfvObVkFREF2bVtOCgnwpgwO\/BuEIuJ2aznTKty6JPRS5AY1S+9u8LY29mAyWE7uHsjRLVoaKAo0zEak8fQCghFNROy+9r\/KE2GvCxiFS08qWm3dIyE6sCGPQ+6h+29tYW4z4pblt81vsiyEarxjqrHhOhikrdcf8RtHA33+lsoXw15tSqCO0tMeLW4hgOWUxSzYtohRroJViNF0zKDqQTy\/rrAr0BsdsLvSLuLRbc2iAw7bS4DClmzq3tLCr7JDHIAOIII734zHm0LOLWxbsZg5xVosUdFMRkktmkr3REmI0k0qYS2tm1cvq5Li5lVxMBDIGXpMifStt3d8blpiLuW5baQUcd3KTJUdOAjSNAIiBQ6tCt+SOG19qfN79spas3Fs9+2LgZ1uBgCr3QGAY6SoEKOhmrh3xvWlxjSRnIUtw0GQRM8AY+JqvEw+z8TjrbkzYS2im1qslTlVSeOVQNY5Bdas3e3B22xTMVBIykGSNQojga0qSJZtQAF61BrmLdTL4r2z8Mblxbf2mA9CdfhSHLQR2pbyYbDWeZBusPFtE+Ej0ofbs+lF9ur2l9yIyqcoHgun3yfWoQsx1qh6UVSo57j4dFx75fay3Tp4wdffTxj7kW2gwcpg8wcpM\/CkzczEqceycWy3deiyIFNu1M3ZkoJZe8B1jiB4kTHjFNj4GQF2tiRYViSFVBJJ0CgfdpQ\/Y+8lu4Fu2XFxSSsg+EkEHUEHL7\/Gp79nftPbDgo6xMSyg9J0kGOIPDXTSlLB7ATA9oLZL2mz3DcJgI08PUdI0QeZoIWZhMWHWR1\/IGtcfhrV5Ml+2HUcJ0K\/wsNR6UD3VDrZLXAQbhDhW4qsZVkcQSFDRyzRQXe\/5QsPhS1tT2t0cUUwF\/jbWD4AE9YoOjG+3NjbNw4zPdxInhbQ22Y9YleHiTSjtzfc4VSNnYM2pEHFXiLl0AjXKuq2zw11HhSpe3ku4m615yAWP8qgcAPAffJ500buYEXbinE3CtgCYCGLh4KpIBIXmTPKOeiAqnwTdnbydnc7fMy3ZLdqDLyTJJbi0niDIPOasofKL22HAYm1eiHIU+zEl7YMEEjXKYjXWBmpK3vxdkHLhQpuNJZyBNtZhIbmzCGzAkAEQaVtn3LjtFsEvK5VBI4DLObiPEzA4k1ucHSXsvTdC8wVvm9qS5HaX7jaDScq6d5lkyFlcxPePtUJ3o2VtxbvaYe\/84UapC2E7M+NpxlkcAwLNHSpzb5YfAWLAulrxYFXa0qhhcSFctbYrlnjGnDSQRTFsPenC4tGaxckqJZGBVwOsHiPEEimAwZvkP2t+sJ+AUFnlRrfQftbnwT8AoAzx18Y4x4f7ipM4MnyZm4eQ\/3rlftzoDr8Kk3YABbUngNdZjU9B4aV6zYJYL1jppz19OVBSEaCOwMGVTh3mP8AoP68af7oyZUU6KoX3CgGwMPN1ByXvH04fGKNu0knrTR+zr\/HjpsRMTj40iguLcvwFev40HgY869bvqgltZ4KOJ\/rrWZ2JEe5szQkwAOJOgHmTTP8nmyQPnERF2zCsDIgyDB9R7qWdqXT2XbXozOwSzaPsgnicvOBqTzijvyV7IxYNy7eL24uMyq0ZChyKIAMaqGmI4qeWiJ2ykoUiiMVh2su1q4MroxVlPEFdCK9cssollZR1KkD3mvrAYHDpee\/bsWxdeM10oDcaBA73EaAVJbEsdDBB5EAg1U56Pm\/5NkjEtdJhEs3VJHMvbKKAepJFObbuJdQC4qpZUADNoQB01BUeZFWSu7WEJJt2Ldq4Tm7gCqzQROUaAmTrSXvDuC2Jeb+JuZQ3dtIqoijyJbM3Vjrx4CAEcbdsEop0Ctj7s20NxbOIt3cM6urwwZrOZSoJIJlJI1MERrIkisdmbJe5dewQQ6K+YcwyMFYemtWvhvkutWnF2zisRbuKZVx2enplEjqCYNabU2KlnEDErrfCENkTIjhkyw6ktB4MCDygiIhnUQUkV8mHWyrm7cyEIAWUZi4bMUgDhclG1JAIAJI1zXpvR+\/fyX8Ir5428xJlhBysIOkQzAirp373gNnG3LeQMAE5kHVFNLLhHN8SQtvMdZjiT4etFNjrbtG5iCYFm2zd5kChiIWTynXiaXLl2RmV2GbKsAiIIJPwBqXjwLezspZpxN2P7RtpoR\/i\/FU1diYYJyVkUbULFcpnNBB6zzrttBmUczwlQCXIOmgWSPd4yOXt1dhlPpH9vULxOVfZB10zMBI\/snxipO08VbXQuoEwAWEkzHWWM1aK0dM3ukcNzZGJIyFQLF3iVB4DkpMefGiG6+8puDK2aFCzm1IBke19aCNTxiJ1kkduJjhexVwqICWrgM+I0+4+6uOyLffcr9dVCjrmzKCPAyT5JPAgl0BcHp9joWLrKO2rFdMx6kQRm8Yk864W9hJMuXukGR2hBAI1BygBZHUijQFRMVtC1bOW5dRSeTMoPTgdaLaXRiHjRA0pF3pOjFgIAkkgGANeNPjXFuKHRlZWEqykMpHUEaEUh\/KFhHfC3ltiWK6DrqJHumszFW7M2t2mJ7TLCKdMoEjmGPVpC+XKpu8O8r3R82tLCtoSfbbwPJV58+HGp24u7ovnsHc2yLb3HKgFjDKuUToD3hrB9nhXDZ+y0\/4ubSaIF7sy2nZwSeZMz040pmwMuyrq+yru7cT3iTPLQ97WOupFTtyN4UwGMD38PMgoxOZXthiJYIdJHpoSKt3Zt1MNf7K4ALV0CSfqsICnh7J1E8OPjSt8ru76dmLygdojCSI7yHTXrrWAmF99twBjh85wt1QzgOFb2HlRqrD2cwg8OOulIext1toWcQha0bPZuC1wumXKD3ogktIkQBrMGrQ+TXEsNlYcvoQGAn7IchfhRLAYX5xe73sLDP4\/ZX1+4Gi0YG75n9rfyT8IpbxUhTGhjTwpn3y\/wCtv5J+EUGcjpUmcOT5MCLtUlfZm6SZzCVGkZvE66Dw15SZ3VwmVSxPExqfef66VCuWQToNT\/XrRrZ2H7NMvifiZraS0Juxp2bfW1auXjJki2Iiep4kcvure3tZCJy3B\/KPyJqJtVQlnD2j0Lnzbh7pIqNZIA89apFUj0caqKQvYTd3EEibN0eaN+lcLu72IOMtqMPdFtQJbs2yk+0dYjnHpT9j8RdjKGYEELIYjXhr5waK7FR477OTAnMSYJE1FPy0VjOnZWG39iYm9tC0vze72FlQVYI2Qs3EzESAAPWrJw9k2rKIeJ4+lGqg7TX2T5imjBJ2NLI5KiBXq9XqoTMg1vjLJYq4BMjWBzFc6IpoqjhpPv1rGBZwr\/YPuNJu8eGxVq3KWbt+8Rxt2XyTxOgkgTwE1Y2Y9T76wXPU++llFPoGrPnvbmw8dirBZ8BfW+W9kWLgERxBjnqCDzHSmj5S9mXDjbt0AZctvmJ0tqDpVtM56n31VHyj4s\/Pr1oloi3Ecvo15e+g1SIZlUdfYAfFt2VtRqWYx4kKEAHqfjTLt24px1rCSCmDsoGH2rhUOQOpYm0I8aHbo2e0xeFtz9HaU3bkjhkLMZkfaC++oeG21cecVZtm5fvvcdVBRP3lw5ASRDQtqysEE8YPChBGxLVhfe7at0Rg8O57UgvfdFZzbQ6EmBJ4hVQasSg8Cx7s7hYWzhB2+FS5eYM7lkVrozEsLYYc1GVe6YJXSjO4+7i4HDwxDX7hzXrvEu8k8egk6cJZutHHOlMXSoqf5P8ABpb2k9uyj2bTYa5cW04uSPYQaPEkFnB0MECDqQDeExWB2exbE4sXMQeR71wTpCWLYJUcRMdZPE1OKZ9q2miV+a4i0x82tOvv7\/uNcsNgMFgLLXLdlLaoAWICzGgksdSfiYimiZhLZm8VzENCYO+lrKYu3stuTyAtFs8HXUgeVVntXcvH3sZdWb62HbMWa7bEk5ZzOgJcTmiU0AUacrCw+9tktlgqPtf6DhTAqrJmT5x8IFZwUumToDbtbCt4PDJhrRJVSTLcSzHMfIawB4etY2vgM6kUcAtcNffUa5ftG49lXUugBdJGdQwkErxAPWmoBTWFxgwWPVn0tyUf+B9CfJTDfy1B3n2LfwuMN61xD51PEEaGD1Bp6303W7bvr7X30F2XdvWrYw+It9taX2DMXLY6KToyjkpiOEgACh4gYRtb0YfE2lF7PZuKDBymJiNHAI6aHpziTE2xnx+S0pJtqADcKlVyiBM8GbQ+zwmi2BwtkxkFweBQT8Gj40dwuzSxhRlHMuQW9FBjrqTy4GjQtMjYDDwlrD2B3UUKoPJRpmbw+8nqabNn4ZbSBF8yTxZjxJ\/rQADlXLBYFbSwvPiTxY9Sf6A4CBpUoVhkI++jRi3nosD+QUBu3RAFNu9OCVsS5JIJC8Ij2RyIIpYxWy2B7pDeWhHTQnh4z6VH2cOT5MxsyzmeTwH9CmDB4bPdW39phPlz+E1B2XhSiwRrxo\/sNIe5d\/7u3p\/E0gfnQ6zY420iPvLcz3Cw4AkCPAR+VB77OWMfrw0ohjzoPX4gj86FPiFXQn4xVz0CycVYDKdBxJ9Qa22e5JYnnFYwtwFARqNfHxrbAEajx+FTQSZWl22GEGt69RMCL2HZeWnX+uFchRyou0cWtm2bjGAI4cSSQoA8SSB61jEMIqDtLpCoOtRn3gsMMy3VI6g0v\/KM1y7bt20UmGDlZjOFIzLxiY1g6cudKCWHIuAIwJAUBlZTmLI0QROg73kPGhZGWRqajWn7LKO1ibTXVGiuVyzqYfIfWdYomjSAaDbIwiWLANzWAJJEkngOUseQmeA6VpjNuZCJRgPEViq1phxqpr5Uf\/mV3+G3\/wAtauCzdDKD1FVB8qI\/6Su\/w2\/+WtZks3xOmyMcuG2bjMZcUszZMMsxLB4zqPAJB9DWuw79tPmN0oLZuXQygELkUxbXw\/7QtGvtDnBEPfLBj5ps\/Z5uLbYo+KuyGLDPIQwOOVc4iRMACkzeHa1w9wAqtpSqAMCUWEKkkDVwoHDgayQ8VUUj6lxA0ioeOxYt22cmAokn4aVC3b24MXgsPihE3bYLAcA47rj0YMPSh29mIjDXln6hBPuH30rdFEiBsDHft2IU8ba3TB5iAw\/odapneXG4nHsbtxytpOA1yIYkKq\/WeOJ49SNBVnbpntMal2dbmCuBjxllCrNK28Gzlt4cW0EKqwB+vieJPM0YXQuR0zjuxtft7THTtEgnrpoT5Ea+lXXgiLlhTMMV9D\/rXzNupiTaxQjmCI5GNdfQH319JbsAGwAOESPAHWKrEBxtXYuhZ41T+\/YunH38ZZdlIuALcQkMhVRbHlIXyM+lXIcOFLXydE4eJ5D31WO28O1om4BmBEMp4Mp4gjof0PGjIDGH5O9+Rjv2bEhVxKiQRot5RxKjk45r6jmA4vstCeAr512nh2s3Uu2XIIIuWnHtAcVPmOB5SCKvPZ23zjdlHGW4FwWnLKOV22DmA8CRI8GFKpBCWz+wbLkIOZVYaHUOpdfeAT6UA3Px\/abV2oT7KDDW18l7Wf8AMWpP3B3l7TFYHDgMMqW1MggHscHi0b8SH\/auG5u03VtrYheOdDPQG9iIJ8OFK5DUPeO+UrCpjGwxVsiHK9\/MuRXzBCMvEqp0ZpEZW0MaulfK97Z+Iw9x7eIQrcUjMG1zDR5za5geMg86+l93bjNhMOzTmazaJnjJRePjQhJttGa0At77hGJeJ4LwBP1R0pYbFPmkK58kb9NaP744BWxdxioJhOIH2RQlVdNUMj7JMg+X2fuqTkro4Mkf7NhLZ+YiWnXrTAoyYYDncYn+VdB8YPrQHB3Q4BTnpHOeEHxmmXbShciDgi5fgKeHSn48d2Le2P3Tf1BpQxO0QSCWjTmBr407YxZUiknFYDvGB8KujqZalrGLYRVdlAYgLJCmRAOnQDmBpI04mueH2xaOIGHDzc4sFB7gIJBZuCzyHHUaRrVW7Yw968+X5w110llN0KjANqCQoDKDA9oQfDm27Fv27d5lcqrzKywBIbuyV5HvHXj3jXK5tNJCqVj9gWYAsRM+\/Sp6tOoofeZiFykCR7MwT5HnWmHuXJykN5wdPPqKqOFKjbQwqXbbW7gzIwgjUfEag85Fbi7HtD15f6VtdbQedExX3yg70jZxs2rVvtLzCQ9wyFXUTJmSYP6ik\/C724vFwMxzhlBCgZSraArA0IPEEmQZ5GrI313Ls7RVM7G3ctzldROh5Ec\/9+prXdPcmxgQSCblwxLsBxE8OnE+\/wAzR1ROpeX6MX8DeOGtn2rltlcr9rKQSPPSPXnXO4xvKPo2QDU9oI4DgNdTJ++moLQY7Pt32cuWJViOIkR6cOVKFxV2dbeDtm2MrtnEd6T3oPMcII6DSgW3Nl27mPJKAs+RSeJjKs+WlE9lbNNp3GaQDHwBHwIrrcWMXeu8rdsEfxFQB+dBoGRWkv2L29GwLeJxD3mZwyqEt5YXJlmdRqykwY0B5zyTcb8m1lwQLjAsSSdACSQSco0A0Gg6DjVmbJw+d+8JUAkggQTwH6+lGhhbY4W1B\/hX9KxXSEHYVhdnbONl7odUdmU6rAbUqSdJDZj61V28G+L3nuC3dcKBACuSCcw1PIjjpHE19ELs+y6MHtW2ViZUqCDBIGhFQjutgQRGCw2hMfQ2+YM\/VoVbs1lPfIztS5d2gbbtKjD3iNAInLPAc5+FG95LEoR4VY2yN3sLavPdtYe1bfIRmRFUwzPOoA4wPcOlJ28ViJEdf9KePCcykE+jxKnhDx\/i7p++vovcvGhsISOIX\/TSqD2lhZxdtV1m4v4hPwq2tgbujZ9i5ikvXGzJlNt4yguQoKgRBBNZNrg0d0Nm2XgJZHTM3XoB9591Km3bAKkeFMS7P7JUGYuCoIuNqW65j1qFtLDWrdvtcVeWxbM5ZBZ30+og1Pu9KcR9K0TAh7JU\/wDZuQP4WAYD0OY\/zUwfIzi8j43BtqhUXQP\/AMVz3gp7q8m2dkIWUW8a4Ygl\/oRMSBALDTU8RRPcfZOCOLe\/gsWzFrLocNeULd1ZHlSIDgZY0Gk8aWjR6H9zcDhc122gVr2GOQuUAcLcQMsvEscpjNzg85JXfkp2P2eJ2th7oDhWtIdO6wJvk6HwI0or8noIxm1JEHPhwRzEWANa98n\/AP1\/bHjdsn4XR+VJGKVUVOt\/YmCvY4WroNzJYUpacyoVHIIJ4uveGjE8xqNA5AUm7MH\/AEw\/hhn+N23TlTY0t\/6LIXN5h+0P5L+EUIe2KMbyD9obyX8IoaFrnktnHP5MzulY\/a2UjuLF34EH4hTRvHvmUMebE++aF7st9FiMT\/3rrbt\/wKNT\/NJPuohiP3WnIj74q8UXwqo2D7g0NR8NsdWGZ2IJJgCOHLj6\/Cplm2WYLy5+XP8ArxqbcQk9PAVQsIOPvXFSytu5cuF+0YnugZ8oGYwO7lktJPLrxJ7xbDsYgKyW0JuKWDAZc6soJ0HEwQ0EdY4Ggu72KN3Di22naWxMf2lk\/fU65hGw9hmAL5FJAnxzaep4DUmuCcfoRKrGPcRbi2Ww9xwyoQbWpYqCJKyR7PTp5ACm\/AYszlb4\/cap3c3bV35wQ+VQVLdmv1QTpr1mekyPGbXsOrgOGEwDPI+dXxvQ0Xa0G6wyAD1rml0RJ0itrd0FQw1B9KqE9WCa2zDpUbHY+3aQvc0A8dT4AczRMdZoZi9mS\/aJca2T7WXWR+R8dfiZm4bHJcRbijRhIk6+R8RXQXVP1fjQBVka1aCCBJ6kmST1JqPtsi2G1g3WH+FVA+\/76JQv2fiaxibCXILrMeJrUEgbFSLeY\/WM+g0Hxn31OZufhW6KoAAXQcNTXriKwIK8RB1P30KMaYYd1Qeg98a1zc661JzDp8a0heOX4mtRiJhriqbjHkhJjXRWufHjSxvLZW7ZF62QyOoYMuoIIkMPAg03lE1GT2lynU6rrp8TULZux8PYtCzatZbayAud2ABMkDMTAnWKaOgSVlC7GwWfaDEiezGnmxyj4ZquTH4HtMGVA6H3HSpmG3ZwVtmdMMoZjJIZ9SPWivcy5cnd6SaKdIyVC\/s3HW1wbXL2q4cF2HPugmPXhFUrtzbF3F3mv3jLNwE91F5KvRR8dTxNXB8oOGVNmYnsUyybRaCTI7VJ4+E1SFMvsnkez1b2rrKwdWKspBVgYII4EHka0r1MTLx3Bx6Yqy+LyhcQ2W3iCogO9tTkeOpRhJ8I+rQvcPTaW1h1Ng\/5r9RPkRBy4yfY+hjpm+kn4ZfhVgYLZGHtXLt63aC3Lsdo2ZjmyyRxMCMx4dak9M6I7Qn7NP8A0zdH\/wBs3\/MtU51rb2TYF44gWgLpXIXzN7MgxExyHLlUwov2fiaEXVhasSN7toMmJdVt5jC6lso9kf2SaV8Zfu3dGIC\/YXRT\/EeLeWg8Ka967YOJfyX8IqBs3BC5dRI9phPlxPwmp+zgnubX7COJ+hs4ezzCZ2HMs5n4aipjAiyZ6T8Zr2MXPfd+UwPId0fdUkoCpB4ERVUd6VKiLYKomdmCzzJAAHLU9fzFdws6ggg86Xd+cSRbRRzeT6A6fH4Um28URwZh\/CSAfHSiI5UwrszDZQD1\/wBKm7bu2zZ7NxfObWbSKRK95QTmnUgcvWJroluAKK4C2SjHMABGhIknkB6SfSuNqyslaoqDHlrWNuEGezuKAeUKY5edW\/u9jNGtHSNR\/wCofnUtN1LV9SxtiS63lI9k3AArT0kqGI5sAdRUNMIyMpgznZcvORBP4jTRTQkI0Mi3j2ZHl7pothli2opdwlzQijuBuTb9Y+FXQWbYicrZeMGPOKT9qi5iUWy1zL3wcxWeo1gjr8KdKXN5Llpc3dbtFGaFGr6SFBnuk9YNOhZEpUWyq2lI7q6CRmgaSR58+prthbhPGg+ztmuU7W6iIzahVzEgf22JJZvd+Qm2GIMGgxlwNIa3FRrTVIU1jGa9XorJrGMVoxrVr4rQtPWtRjJetS9asvnSXvpv3ZwQKIRdvcMgOin+2fyrUzWNW0dqWbADXrqWwTALECT0HWuwvggEEEESCDIIOoIPMV84Pdxu070hWvXJiQAERTyLGFUDjqeflV1bq4F8Lg7OHuOGe2pBI4asWhf7KzlHlRkqQIuxhxNlL1u5ZuexdQo3gCIkeIqhNv7Fu4S81i8NR7LR3XXky+B+B0q9LNyvbQwdnEW+yxFpbqcp0ZTwlWGqnyoJ0acLPnqt7FlnZURSzMYVVElieAA5mriPyW4Fu+HxKifZD2yPeUJ+NG9j7AweC1sWgrnTtHJe4eoBPAeAgaUzmiaxsxuPu\/8AMsItpo7Vz2l0jhnIAyg9FAA8SCedH6g4jaSJba6x7qAknyE1GwG8Fu6\/ZqGBgnUADTjz\/qKn0tpaDArNJW1PlFsWLr2jauPkMFhkjhJiTOmo9KdZoGUk9ITd6R+0v5L+EV03btwbl37CafxNoPz99Cd8sViVxrBLSvaITWYI7onn+VHMA4XD21IYNeZniDoqQurDQciJOusVq2ccFeVlc747wY6ziWtq\/ZW4BQqiMXUjiWYHUGRAjhw5mDgd68VmBOIdtRIMd4cxlIjXhpT9vNsNMVaKNoyyUb7LR9x4EfoKp+4mUkMIIJBB5EGCPOasi0rTLh3s2cbtmU1KnMB4RVe3EuAwbbe6jW4O8\/eGDvNKtpaZjwP2Ceh5dOHMAOeIWyhhiAYmNeHClehqUtgfNXawda4Xlg10w54Vy0WH7YLg2QF5TPnx91SmwiZ88d7r+fn+g6Ch+7q5bRJIOvlHgf650Qw2KzkgqVI4g\/rzq64IBcRs\/srYMy06nlRDZR+j\/mP3CpWJsh1Kngf6Fc8NZyLHj+Qoox0oRtnZXad5dGiCOvSPH\/Si5pU2t2tu6xRmWdVgmCNOXCmQr4EMKrpZUO0kAgIo1J17snjHDkABrpUJrjAyw1+A\/Xz0rnszbSpm7c8ZOYx3eZEDgCZM9Tr4DNq7yKJLIbaTAZzBP8vGT0E6VmmFNDNhcTNErTUmbH20lwSknxIZfxAU1YO7NKMya9wKJNQmuFz4dKi4zHLJLMAo61wwm1w7ZUXQCSzGAAOJPQedMALJbrcwKDvtVrmlrRPtkan+EdPE11tJ9qSfEzU3kQ\/\/ADYA32Xal1TawKIiHRrpuqLh6hB9QePHypN2Z8mGUhsWzO3EqshPV\/ac+6rYgVurnzHQ0VlFeME4PZlq3aFu2i21HAIAvwHGhl3ENbfI\/p4ima7h5GZPVf0oFtzD9rbJX211Xz6etF7DHTJOFvAipqtSjsLaWYUx271BDNB3CH6P+b8qhbTsTkb7LfiBT\/1T6VL2cZt\/zH7q6XRoTExrFBgQLXArew722BAuD1EjjSvuiSMYVPCLkcdTEfcDT1ZblA06cP60oRszaQvYhlKJKB4aO+sMEgmeYOorInPqK4352Wq7Vt2UXu4gK7cfaLOr5Y4CFnzJq54pT3p3jsYXFYVHw4uXLpIVxkz2xmVdJEmSx0BHA010aBFLydClvIhOJYDicoHmQAKmbZvraKrxyKEVRxJA+Hia6Yi2DjiTwRQ58lUfmRQi1bZ3N25qzGfATrA8K0SeNbk\/2bNceNQCecae6qf29eNzEXWdFBzsIjp3dZ5wNfGauhlqqvlAwJt4pm+rdAZT4gBWHmDr\/MKpEefAZufhw2OsxBAJYoxAzgKdFnQnnlkaA+lybOIZAxMyTqeJA0UmdZgCfGaoDD32W4jJOZWVljjmBBHxq9tm422LSDOohQCG7pkDWQfvrSWzY3oi3bXOuGXTSpt4yoqOlQopYZ2PiVIyvOXiRMAkAxNG8BixctkEAcgo0HMqBrx0pUsmKMYBf2a43MMsehH6mmQAxsnFZlykyw69KnE6etCsMYvWyP8AtElhymCdOn+pojbOh\/i\/IUxjNQb+Lst3HI8mU6e8aVOrjicIlwQwnx5j1ogBt7A2Uy3lVSAdT7QymBImQIOVp5AN1pC21hUv4wXLmYgSEX6qjmT4kx5nwinHFbOUObYZwrQDrxB66a+tLG1tmquENwF81zicxnQA6H1p49Elw8mFZWkCBpA4QBoNKZMHeKWXfwCj141WG7OJcEDMYmNeesVZ4Udgvi5+4UrWx4u0L2OvNmlp0AgefSu1+6Fb5qPqgNf6s51W3P2VGp6+pqNi1nH4a2fZ7RDHWEuXIPUSi6eFD9zmLvdusZZ7rkn+Y1HPOo6Oj8eHlK2OWFmOEfCpquKF3bpER1isLiGLcedcKyUdTx2G7bA6V0YUMtOcwHl+VGLw0Brpg7RzTXiyKL+U+VcNqWxpdXQNow8evrUhEGprN1B2N0dFJ9RqKeDdiySorDEnscU4HAnMPXj8ZpsweIkA0obz\/vwf7Io3sFybYmn9jeh92Q30P85+4VIJqHsP9x\/OfuFS2NFkiFsS6zWpaNHdRHRWK66nXSoW7OBto17LOZb1zieHaN2sDw7wA8BUvYP7k\/3t7\/muK47BX6bGf3y\/8m3S29DOKdkHb+wrN7G4W7cUswV0iYB1W6M38OVvPNrTSTS1vHi2TF7PCx38Q6GehsXTp46UyUwlIFY2zlfEXOb9nbHkFDNHnPwoeq1D+WHEumBY23ZDmTvIxU63EU6jXgSKpzZ+9WMsSy37jAa5bjG4pgcIaYH8MHxqkY2SclHRd5FDtu7Ht4m2bdweKtzRuo\/Mc6k7IxRu2LV1gAzoGIEwCRykkxUusP0SN3dzrNhBcfv3SQhJ4JnYW3CDqAWGbidYgGKdRgk6VBv6XrYHAsSfMW7n+n+EVDxW3biuyhUgGNQf1pHP7Co\/R\/\/Z\" alt=\"\"\/><\/figure>\n\n\n\n<h3 class=\"wp-block-heading\"><strong>Asesoramiento personalizado de decoraci\u00f3n<\/strong><\/h3>\n\n\n\n<p>\u00bfNo sabes por d\u00f3nde empezar en tu casa? Te ofrecemos orientaci\u00f3n sobre c\u00f3mo organizar tus espacios, combinar colores y seleccionar muebles y accesorios. Con recomendaciones pr\u00e1cticas y sencillas, podr\u00e1s darle un aire fresco a cualquier habitaci\u00f3n.<\/p>\n\n\n\n<h3 class=\"wp-block-heading\"><strong>Dise\u00f1o de interiores virtual<\/strong><\/h3>\n\n\n\n<p>Gracias a nuestras gu\u00edas y ejemplos, puedes planificar la decoraci\u00f3n de tu hogar desde casa. Te ense\u00f1amos c\u00f3mo redistribuir muebles, elegir texturas y coordinar detalles para que cada rinc\u00f3n tenga personalidad y armon\u00eda.<\/p>\n\n\n\n<h3 class=\"wp-block-heading\"><strong>Proyectos DIY y decoraci\u00f3n econ\u00f3mica<\/strong><\/h3>\n\n\n\n<p>Si te gusta hacer cosas con tus propias manos, te ayudamos a crear proyectos DIY f\u00e1ciles y creativos. Desde renovar muebles viejos hasta crear accesorios decorativos \u00fanicos, cada propuesta est\u00e1 pensada para que tu hogar sea original sin gastar mucho.<\/p>\n\n\n\n<h3 class=\"wp-block-heading\"><strong>Inspiraci\u00f3n visual y galer\u00edas de ideas<\/strong><\/h3>\n\n\n\n<p>Ofrecemos colecciones de im\u00e1genes, antes y despu\u00e9s, y ejemplos pr\u00e1cticos que te servir\u00e1n como referencia para tus propios proyectos. Encontrar\u00e1s ideas para cualquier espacio, desde salas y dormitorios hasta rincones peque\u00f1os y olvidados.<\/p>\n\n\n\n<h3 class=\"wp-block-heading\"><strong>Blog con consejos y tendencias<\/strong><\/h3>\n\n\n\n<p>Nuestro blog es un espacio donde compartimos novedades, trucos y tendencias del mundo de la decoraci\u00f3n. Aqu\u00ed encontrar\u00e1s contenido \u00fatil y actualizado que te ayudar\u00e1 a mejorar tu hogar paso a paso.<\/p>\n\n\n\n<figure class=\"wp-block-pullquote\"><blockquote><p>La decoraci\u00f3n no se trata de llenar un espacio, sino de reflejar qui\u00e9n eres en cada rinc\u00f3n de tu hogar<\/p><\/blockquote><\/figure>\n\n\n\n<hr class=\"wp-block-separator has-alpha-channel-opacity\"\/>\n\n\n\n<h2 class=\"wp-block-heading\"><strong>Por qu\u00e9 elegirnos<\/strong><\/h2>\n\n\n\n<p>Porque creemos que la decoraci\u00f3n debe ser accesible, divertida y personal. Queremos que cualquier persona pueda transformar su hogar, sacando el m\u00e1ximo partido a los espacios que ya tiene, con creatividad y estilo.<\/p>\n","protected":false},"excerpt":{"rendered":"<p>Ofrecemos soluciones e ideas para que tu hogar se transforme en un espacio acogedor, funcional y con estilo. Aunque nuestro [&hellip;]<\/p>\n","protected":false},"author":2,"featured_media":0,"parent":0,"menu_order":0,"comment_status":"closed","ping_status":"closed","template":"","meta":{"site-sidebar-layout":"default","site-content-layout":"","ast-site-content-layout":"default","site-content-style":"default","site-sidebar-style":"default","ast-global-header-display":"","ast-banner-title-visibility":"","ast-main-header-display":"","ast-hfb-above-header-display":"","ast-hfb-below-header-display":"","ast-hfb-mobile-header-display":"","site-post-title":"","ast-breadcrumbs-content":"","ast-featured-img":"","footer-sml-layout":"","theme-transparent-header-meta":"","adv-header-id-meta":"","stick-header-meta":"","header-above-stick-meta":"","header-main-stick-meta":"","header-below-stick-meta":"","astra-migrate-meta-layouts":"default","ast-page-background-enabled":"default","ast-page-background-meta":{"desktop":{"background-color":"var(--ast-global-color-5)","background-image":"","background-repeat":"repeat","background-position":"center center","background-size":"auto","background-attachment":"scroll","background-type":"","background-media":"","overlay-type":"","overlay-color":"","overlay-opacity":"","overlay-gradient":""},"tablet":{"background-color":"","background-image":"","background-repeat":"repeat","background-position":"center center","background-size":"auto","background-attachment":"scroll","background-type":"","background-media":"","overlay-type":"","overlay-color":"","overlay-opacity":"","overlay-gradient":""},"mobile":{"background-color":"","background-image":"","background-repeat":"repeat","background-position":"center center","background-size":"auto","background-attachment":"scroll","background-type":"","background-media":"","overlay-type":"","overlay-color":"","overlay-opacity":"","overlay-gradient":""}},"ast-content-background-meta":{"desktop":{"background-color":"var(--ast-global-color-4)","background-image":"","background-repeat":"repeat","background-position":"center center","background-size":"auto","background-attachment":"scroll","background-type":"","background-media":"","overlay-type":"","overlay-color":"","overlay-opacity":"","overlay-gradient":""},"tablet":{"background-color":"var(--ast-global-color-4)","background-image":"","background-repeat":"repeat","background-position":"center center","background-size":"auto","background-attachment":"scroll","background-type":"","background-media":"","overlay-type":"","overlay-color":"","overlay-opacity":"","overlay-gradient":""},"mobile":{"background-color":"var(--ast-global-color-4)","background-image":"","background-repeat":"repeat","background-position":"center center","background-size":"auto","background-attachment":"scroll","background-type":"","background-media":"","overlay-type":"","overlay-color":"","overlay-opacity":"","overlay-gradient":""}},"footnotes":""},"class_list":["post-85","page","type-page","status-publish","hentry"],"_links":{"self":[{"href":"https:\/\/hugobotia.fpcei.eu\/index.php?rest_route=\/wp\/v2\/pages\/85","targetHints":{"allow":["GET"]}}],"collection":[{"href":"https:\/\/hugobotia.fpcei.eu\/index.php?rest_route=\/wp\/v2\/pages"}],"about":[{"href":"https:\/\/hugobotia.fpcei.eu\/index.php?rest_route=\/wp\/v2\/types\/page"}],"author":[{"embeddable":true,"href":"https:\/\/hugobotia.fpcei.eu\/index.php?rest_route=\/wp\/v2\/users\/2"}],"replies":[{"embeddable":true,"href":"https:\/\/hugobotia.fpcei.eu\/index.php?rest_route=%2Fwp%2Fv2%2Fcomments&post=85"}],"version-history":[{"count":1,"href":"https:\/\/hugobotia.fpcei.eu\/index.php?rest_route=\/wp\/v2\/pages\/85\/revisions"}],"predecessor-version":[{"id":86,"href":"https:\/\/hugobotia.fpcei.eu\/index.php?rest_route=\/wp\/v2\/pages\/85\/revisions\/86"}],"wp:attachment":[{"href":"https:\/\/hugobotia.fpcei.eu\/index.php?rest_route=%2Fwp%2Fv2%2Fmedia&parent=85"}],"curies":[{"name":"wp","href":"https:\/\/api.w.org\/{rel}","templated":true}]}}