{"id":83,"date":"2025-11-27T13:22:06","date_gmt":"2025-11-27T13:22:06","guid":{"rendered":"https:\/\/hugobotia.fpcei.eu\/?page_id=83"},"modified":"2025-11-27T13:22:06","modified_gmt":"2025-11-27T13:22:06","slug":"acerca-de-este-sitio","status":"publish","type":"page","link":"https:\/\/hugobotia.fpcei.eu\/?page_id=83","title":{"rendered":"Acerca de este sitio"},"content":{"rendered":"\n<p>Bienvenido a un espacio dedicado a compartir ideas, consejos y trucos sobre decoraci\u00f3n de interiores. Aqu\u00ed encontrar\u00e1s inspiraci\u00f3n para transformar tu hogar, aprovechar los espacios al m\u00e1ximo y crear ambientes acogedores y con estilo, sin necesidad de gastar grandes cantidades de dinero.<\/p>\n\n\n\n<p>Nuestro objetivo es ofrecer contenido pr\u00e1ctico y visualmente atractivo, desde ideas para peque\u00f1os cambios hasta consejos sobre iluminaci\u00f3n, texturas, colores y organizaci\u00f3n. Cada entrada est\u00e1 pensada para ayudarte a sacar el m\u00e1ximo partido a tu hogar y disfrutar de un ambiente que refleje tu personalidad.<\/p>\n\n\n\n<h3 class=\"wp-block-heading\"><strong>Sobre el autor<\/strong><\/h3>\n\n\n\n<p>Soy Hugo Bot\u00eda, apasionado por la decoraci\u00f3n y el dise\u00f1o de interiores. Me encanta explorar nuevas formas de combinar colores, texturas y elementos decorativos para hacer que cualquier espacio se vea y se sienta \u00fanico. Con este sitio quiero compartir mi experiencia y ayudar a quienes buscan inspiraci\u00f3n para mejorar su hogar de manera sencilla, divertida y accesible.<\/p>\n\n\n\n<p><strong>Sobre mi:<\/strong><\/p>\n\n\n\n<ul class=\"wp-block-list\">\n<li>Decorar espacios y probar nuevas combinaciones de colores<\/li>\n\n\n\n<li>Plantas y jardines interiores<\/li>\n\n\n\n<li>Muebles vintage y restauraci\u00f3n de objetos<\/li>\n\n\n\n<li>Iluminaci\u00f3n c\u00e1lida y l\u00e1mparas originales<\/li>\n\n\n\n<li>Viajar y descubrir casas y apartamentos con estilo<\/li>\n\n\n\n<li>Leer sobre dise\u00f1o y tendencias de interiores<\/li>\n\n\n\n<li>Fotografiar rincones bonitos de casas<\/li>\n\n\n\n<li>DIY y manualidades creativas<\/li>\n\n\n\n<li>Coleccionar cojines y mantas con texturas diferentes<\/li>\n\n\n\n<li>Tomar caf\u00e9 mientras planeo nuevas ideas de decoraci\u00f3n<\/li>\n\n\n\n<li>Ordenar estanter\u00edas y experimentar con organizaci\u00f3n visual<\/li>\n\n\n\n<li>Escuchar m\u00fasica mientras cambio la disposici\u00f3n de los muebles<\/li>\n\n\n\n<li>Minimalismo con detalles personales<\/li>\n\n\n\n<li>Pel\u00edculas de arquitectura y dise\u00f1o<\/li>\n\n\n\n<li>Probar nuevas recetas de cocina en un espacio acogedor<\/li>\n<\/ul>\n\n\n\n<p><\/p>\n","protected":false},"excerpt":{"rendered":"<p>Bienvenido a un espacio dedicado a compartir ideas, consejos y trucos sobre decoraci\u00f3n de interiores. Aqu\u00ed encontrar\u00e1s inspiraci\u00f3n para transformar [&hellip;]<\/p>\n","protected":false},"author":2,"featured_media":0,"parent":0,"menu_order":0,"comment_status":"closed","ping_status":"closed","template":"","meta":{"site-sidebar-layout":"default","site-content-layout":"","ast-site-content-layout":"default","site-content-style":"default","site-sidebar-style":"default","ast-global-header-display":"","ast-banner-title-visibility":"","ast-main-header-display":"","ast-hfb-above-header-display":"","ast-hfb-below-header-display":"","ast-hfb-mobile-header-display":"","site-post-title":"","ast-breadcrumbs-content":"","ast-featured-img":"","footer-sml-layout":"","theme-transparent-header-meta":"","adv-header-id-meta":"","stick-header-meta":"","header-above-stick-meta":"","header-main-stick-meta":"","header-below-stick-meta":"","astra-migrate-meta-layouts":"default","ast-page-background-enabled":"default","ast-page-background-meta":{"desktop":{"background-color":"var(--ast-global-color-5)","background-image":"","background-repeat":"repeat","background-position":"center center","background-size":"auto","background-attachment":"scroll","background-type":"","background-media":"","overlay-type":"","overlay-color":"","overlay-opacity":"","overlay-gradient":""},"tablet":{"background-color":"","background-image":"","background-repeat":"repeat","background-position":"center center","background-size":"auto","background-attachment":"scroll","background-type":"","background-media":"","overlay-type":"","overlay-color":"","overlay-opacity":"","overlay-gradient":""},"mobile":{"background-color":"","background-image":"","background-repeat":"repeat","background-position":"center center","background-size":"auto","background-attachment":"scroll","background-type":"","background-media":"","overlay-type":"","overlay-color":"","overlay-opacity":"","overlay-gradient":""}},"ast-content-background-meta":{"desktop":{"background-color":"var(--ast-global-color-4)","background-image":"","background-repeat":"repeat","background-position":"center center","background-size":"auto","background-attachment":"scroll","background-type":"","background-media":"","overlay-type":"","overlay-color":"","overlay-opacity":"","overlay-gradient":""},"tablet":{"background-color":"var(--ast-global-color-4)","background-image":"","background-repeat":"repeat","background-position":"center center","background-size":"auto","background-attachment":"scroll","background-type":"","background-media":"","overlay-type":"","overlay-color":"","overlay-opacity":"","overlay-gradient":""},"mobile":{"background-color":"var(--ast-global-color-4)","background-image":"","background-repeat":"repeat","background-position":"center center","background-size":"auto","background-attachment":"scroll","background-type":"","background-media":"","overlay-type":"","overlay-color":"","overlay-opacity":"","overlay-gradient":""}},"footnotes":""},"class_list":["post-83","page","type-page","status-publish","hentry"],"_links":{"self":[{"href":"https:\/\/hugobotia.fpcei.eu\/index.php?rest_route=\/wp\/v2\/pages\/83","targetHints":{"allow":["GET"]}}],"collection":[{"href":"https:\/\/hugobotia.fpcei.eu\/index.php?rest_route=\/wp\/v2\/pages"}],"about":[{"href":"https:\/\/hugobotia.fpcei.eu\/index.php?rest_route=\/wp\/v2\/types\/page"}],"author":[{"embeddable":true,"href":"https:\/\/hugobotia.fpcei.eu\/index.php?rest_route=\/wp\/v2\/users\/2"}],"replies":[{"embeddable":true,"href":"https:\/\/hugobotia.fpcei.eu\/index.php?rest_route=%2Fwp%2Fv2%2Fcomments&post=83"}],"version-history":[{"count":1,"href":"https:\/\/hugobotia.fpcei.eu\/index.php?rest_route=\/wp\/v2\/pages\/83\/revisions"}],"predecessor-version":[{"id":84,"href":"https:\/\/hugobotia.fpcei.eu\/index.php?rest_route=\/wp\/v2\/pages\/83\/revisions\/84"}],"wp:attachment":[{"href":"https:\/\/hugobotia.fpcei.eu\/index.php?rest_route=%2Fwp%2Fv2%2Fmedia&parent=83"}],"curies":[{"name":"wp","href":"https:\/\/api.w.org\/{rel}","templated":true}]}}