{"id":59,"date":"2025-11-26T15:28:19","date_gmt":"2025-11-26T15:28:19","guid":{"rendered":"https:\/\/hugobotia.fpcei.eu\/?page_id=59"},"modified":"2025-11-26T15:28:19","modified_gmt":"2025-11-26T15:28:19","slug":"bienvenido-a-mi-mundo-de-decoracion-de-interiores","status":"publish","type":"page","link":"https:\/\/hugobotia.fpcei.eu\/?page_id=59","title":{"rendered":"Bienvenido a mi mundo de Decoraci\u00f3n de Interiores"},"content":{"rendered":"\n<h1 class=\"wp-block-heading\"><\/h1>\n\n\n\n<p>Transformar un espacio no solo consiste en elegir muebles o colores: es crear atm\u00f3sferas, sensaciones y lugares que cuenten historias. En este sitio encontrar\u00e1s ideas, consejos y gu\u00edas para que puedas convertir tu hogar en un espacio funcional, est\u00e9tico y lleno de personalidad.<\/p>\n\n\n\n<p>Aqu\u00ed descubrir\u00e1s desde trucos sencillos para mejorar una habitaci\u00f3n hasta proyectos completos para renovar un ambiente por completo. Mi objetivo es inspirarte y ayudarte a dise\u00f1ar el hogar que siempre has imaginado.<\/p>\n\n\n\n<h1 class=\"wp-block-heading\">\u00bfQu\u00e9 encontrar\u00e1s en este sitio?<\/h1>\n\n\n\n<h2 class=\"wp-block-heading\">Ideas de decoraci\u00f3n<\/h2>\n\n\n\n<p>Aprende a combinar colores, elegir texturas, distribuir muebles y aprovechar la luz para darle vida a cualquier estancia de tu hogar.<\/p>\n\n\n\n<h2 class=\"wp-block-heading\">Consejos pr\u00e1cticos<\/h2>\n\n\n\n<p>Soluciones simples para espacios peque\u00f1os, tips de organizaci\u00f3n, iluminaci\u00f3n y estilos decorativos adaptados a diferentes gustos.<\/p>\n\n\n\n<h2 class=\"wp-block-heading\">Entradas con inspiraci\u00f3n real<\/h2>\n\n\n\n<p>Cada publicaci\u00f3n incluye im\u00e1genes, ideas aplicables y recomendaciones para que puedas llevarlas a la pr\u00e1ctica f\u00e1cilmente.<\/p>\n\n\n\n<h2 class=\"wp-block-heading\">Proyectos DIY<\/h2>\n\n\n\n<p>Peque\u00f1os proyectos que puedes hacer t\u00fa mismo para darle un toque \u00fanico y personal a tu hogar.<\/p>\n\n\n\n<h1 class=\"wp-block-heading\"><\/h1>\n\n\n\n<h1 class=\"wp-block-heading\">Decorar es crear emociones<\/h1>\n\n\n\n<blockquote class=\"wp-block-quote is-layout-flow wp-block-quote-is-layout-flow\">\n<p>\u201cUn hogar bonito no es el que sigue todas las reglas, sino el que refleja qui\u00e9n eres.\u201d<\/p>\n<\/blockquote>\n\n\n\n<p>Mi prop\u00f3sito es ayudarte a descubrir tu estilo personal y mostrarte c\u00f3mo puedes transmitirlo en cada espacio del hogar.<\/p>\n\n\n\n<h1 class=\"wp-block-heading\"><\/h1>\n\n\n\n<h1 class=\"wp-block-heading\"><\/h1>\n","protected":false},"excerpt":{"rendered":"<p>Transformar un espacio no solo consiste en elegir muebles o colores: es crear atm\u00f3sferas, sensaciones y lugares que cuenten historias. [&hellip;]<\/p>\n","protected":false},"author":2,"featured_media":0,"parent":0,"menu_order":0,"comment_status":"closed","ping_status":"closed","template":"","meta":{"site-sidebar-layout":"default","site-content-layout":"","ast-site-content-layout":"default","site-content-style":"default","site-sidebar-style":"default","ast-global-header-display":"","ast-banner-title-visibility":"","ast-main-header-display":"","ast-hfb-above-header-display":"","ast-hfb-below-header-display":"","ast-hfb-mobile-header-display":"","site-post-title":"","ast-breadcrumbs-content":"","ast-featured-img":"","footer-sml-layout":"","theme-transparent-header-meta":"","adv-header-id-meta":"","stick-header-meta":"","header-above-stick-meta":"","header-main-stick-meta":"","header-below-stick-meta":"","astra-migrate-meta-layouts":"default","ast-page-background-enabled":"default","ast-page-background-meta":{"desktop":{"background-color":"var(--ast-global-color-5)","background-image":"","background-repeat":"repeat","background-position":"center center","background-size":"auto","background-attachment":"scroll","background-type":"","background-media":"","overlay-type":"","overlay-color":"","overlay-opacity":"","overlay-gradient":""},"tablet":{"background-color":"","background-image":"","background-repeat":"repeat","background-position":"center center","background-size":"auto","background-attachment":"scroll","background-type":"","background-media":"","overlay-type":"","overlay-color":"","overlay-opacity":"","overlay-gradient":""},"mobile":{"background-color":"","background-image":"","background-repeat":"repeat","background-position":"center center","background-size":"auto","background-attachment":"scroll","background-type":"","background-media":"","overlay-type":"","overlay-color":"","overlay-opacity":"","overlay-gradient":""}},"ast-content-background-meta":{"desktop":{"background-color":"var(--ast-global-color-4)","background-image":"","background-repeat":"repeat","background-position":"center center","background-size":"auto","background-attachment":"scroll","background-type":"","background-media":"","overlay-type":"","overlay-color":"","overlay-opacity":"","overlay-gradient":""},"tablet":{"background-color":"var(--ast-global-color-4)","background-image":"","background-repeat":"repeat","background-position":"center center","background-size":"auto","background-attachment":"scroll","background-type":"","background-media":"","overlay-type":"","overlay-color":"","overlay-opacity":"","overlay-gradient":""},"mobile":{"background-color":"var(--ast-global-color-4)","background-image":"","background-repeat":"repeat","background-position":"center center","background-size":"auto","background-attachment":"scroll","background-type":"","background-media":"","overlay-type":"","overlay-color":"","overlay-opacity":"","overlay-gradient":""}},"footnotes":""},"class_list":["post-59","page","type-page","status-publish","hentry"],"_links":{"self":[{"href":"https:\/\/hugobotia.fpcei.eu\/index.php?rest_route=\/wp\/v2\/pages\/59","targetHints":{"allow":["GET"]}}],"collection":[{"href":"https:\/\/hugobotia.fpcei.eu\/index.php?rest_route=\/wp\/v2\/pages"}],"about":[{"href":"https:\/\/hugobotia.fpcei.eu\/index.php?rest_route=\/wp\/v2\/types\/page"}],"author":[{"embeddable":true,"href":"https:\/\/hugobotia.fpcei.eu\/index.php?rest_route=\/wp\/v2\/users\/2"}],"replies":[{"embeddable":true,"href":"https:\/\/hugobotia.fpcei.eu\/index.php?rest_route=%2Fwp%2Fv2%2Fcomments&post=59"}],"version-history":[{"count":1,"href":"https:\/\/hugobotia.fpcei.eu\/index.php?rest_route=\/wp\/v2\/pages\/59\/revisions"}],"predecessor-version":[{"id":60,"href":"https:\/\/hugobotia.fpcei.eu\/index.php?rest_route=\/wp\/v2\/pages\/59\/revisions\/60"}],"wp:attachment":[{"href":"https:\/\/hugobotia.fpcei.eu\/index.php?rest_route=%2Fwp%2Fv2%2Fmedia&parent=59"}],"curies":[{"name":"wp","href":"https:\/\/api.w.org\/{rel}","templated":true}]}}