{"id":111,"date":"2026-03-10T09:20:11","date_gmt":"2026-03-10T09:20:11","guid":{"rendered":"https:\/\/hugobotia.fpcei.eu\/?page_id=111"},"modified":"2026-03-10T09:20:51","modified_gmt":"2026-03-10T09:20:51","slug":"formulario-2","status":"publish","type":"page","link":"https:\/\/hugobotia.fpcei.eu\/?page_id=111","title":{"rendered":"Formulario"},"content":{"rendered":"<style id=\"wpforms-css-vars-106-block-d6f98893-9d92-4e9b-96de-9059465c9cb5\">\n\t\t\t\t#wpforms-106.wpforms-block-d6f98893-9d92-4e9b-96de-9059465c9cb5 {\n\t\t\t\t--wpforms-field-size-input-height: 43px;\n--wpforms-field-size-input-spacing: 15px;\n--wpforms-field-size-font-size: 16px;\n--wpforms-field-size-line-height: 19px;\n--wpforms-field-size-padding-h: 14px;\n--wpforms-field-size-checkbox-size: 16px;\n--wpforms-field-size-sublabel-spacing: 5px;\n--wpforms-field-size-icon-size: 1;\n--wpforms-label-size-font-size: 16px;\n--wpforms-label-size-line-height: 19px;\n--wpforms-label-size-sublabel-font-size: 14px;\n--wpforms-label-size-sublabel-line-height: 17px;\n--wpforms-button-size-font-size: 17px;\n--wpforms-button-size-height: 41px;\n--wpforms-button-size-padding-h: 15px;\n--wpforms-button-size-margin-top: 10px;\n\t\t\t}\n\t\t\t<\/style><div class=\"wpforms-container wpforms-container-full wpforms-block wpforms-block-d6f98893-9d92-4e9b-96de-9059465c9cb5 wpforms-render-modern\" id=\"wpforms-106\"><form id=\"wpforms-form-106\" class=\"wpforms-validate wpforms-form\" data-formid=\"106\" method=\"post\" enctype=\"multipart\/form-data\" action=\"\/index.php?rest_route=%2Fwp%2Fv2%2Fpages%2F111\" data-token=\"34b5d3aa450bcfc1369aa755e74a920d\" data-token-time=\"1776686449\"><noscript class=\"wpforms-error-noscript\">Por favor, activa JavaScript en tu navegador para completar este formulario.<\/noscript><div id=\"wpforms-error-noscript\" style=\"display: none;\">Por favor, activa JavaScript en tu navegador para completar este formulario.<\/div><div class=\"wpforms-field-container\"><div id=\"wpforms-106-field_1-container\" class=\"wpforms-field wpforms-field-name\" data-field-id=\"1\"><fieldset><legend class=\"wpforms-field-label\">Nombre<\/legend><div class=\"wpforms-field-row wpforms-field-medium\"><div class=\"wpforms-field-row-block wpforms-first wpforms-one-half\"><input type=\"text\" id=\"wpforms-106-field_1\" class=\"wpforms-field-name-first\" name=\"wpforms[fields][1][first]\" aria-errormessage=\"wpforms-106-field_1-error\" ><label for=\"wpforms-106-field_1\" class=\"wpforms-field-sublabel after\">Nombre<\/label><\/div><div class=\"wpforms-field-row-block wpforms-one-half\"><input type=\"text\" id=\"wpforms-106-field_1-last\" class=\"wpforms-field-name-last\" name=\"wpforms[fields][1][last]\" aria-errormessage=\"wpforms-106-field_1-last-error\" ><label for=\"wpforms-106-field_1-last\" class=\"wpforms-field-sublabel after\">Apellidos<\/label><\/div><\/div><\/fieldset><\/div><div id=\"wpforms-106-field_2-container\" class=\"wpforms-field wpforms-field-email\" data-field-id=\"2\"><label class=\"wpforms-field-label\" for=\"wpforms-106-field_2\">Email<\/label><input type=\"email\" id=\"wpforms-106-field_2\" class=\"wpforms-field-medium\" name=\"wpforms[fields][2]\" spellcheck=\"false\" aria-errormessage=\"wpforms-106-field_2-error\" ><\/div><div id=\"wpforms-106-field_3-container\" class=\"wpforms-field wpforms-field-radio\" data-field-id=\"3\"><fieldset><legend class=\"wpforms-field-label\">1) \u00bfQu\u00e9 paleta de colores prefieres para tu decoraci\u00f3n?<\/legend><ul id=\"wpforms-106-field_3\"><li class=\"choice-1 depth-1\"><input type=\"radio\" id=\"wpforms-106-field_3_1\" name=\"wpforms[fields][3]\" value=\"Neutros (blanco, gris, negro)\" aria-errormessage=\"wpforms-106-field_3_1-error\"  ><label class=\"wpforms-field-label-inline\" for=\"wpforms-106-field_3_1\">Neutros (blanco, gris, negro)<\/label><\/li><li class=\"choice-2 depth-1\"><input type=\"radio\" id=\"wpforms-106-field_3_2\" name=\"wpforms[fields][3]\" value=\"Tonos crema y dorados\" aria-errormessage=\"wpforms-106-field_3_2-error\"  ><label class=\"wpforms-field-label-inline\" for=\"wpforms-106-field_3_2\">Tonos crema y dorados<\/label><\/li><li class=\"choice-3 depth-1\"><input type=\"radio\" id=\"wpforms-106-field_3_3\" name=\"wpforms[fields][3]\" value=\"Tonos tierra y madera\" aria-errormessage=\"wpforms-106-field_3_3-error\"  ><label class=\"wpforms-field-label-inline\" for=\"wpforms-106-field_3_3\">Tonos tierra y madera<\/label><\/li><li class=\"choice-4 depth-1\"><input type=\"radio\" id=\"wpforms-106-field_3_4\" name=\"wpforms[fields][3]\" value=\"Colores vivos y mezclas atrevidas\" aria-errormessage=\"wpforms-106-field_3_4-error\"  ><label class=\"wpforms-field-label-inline\" for=\"wpforms-106-field_3_4\">Colores vivos y mezclas atrevidas<\/label><\/li><\/ul><\/fieldset><\/div><div id=\"wpforms-106-field_4-container\" class=\"wpforms-field wpforms-field-radio\" data-field-id=\"4\"><fieldset><legend class=\"wpforms-field-label\">2) \u00bfQu\u00e9 tipo de muebles te atraen m\u00e1s?<\/legend><ul id=\"wpforms-106-field_4\"><li class=\"choice-1 depth-1\"><input type=\"radio\" id=\"wpforms-106-field_4_1\" name=\"wpforms[fields][4]\" value=\"L\u00edneas rectas y pocos elementos\" aria-errormessage=\"wpforms-106-field_4_1-error\"  ><label class=\"wpforms-field-label-inline\" for=\"wpforms-106-field_4_1\">L\u00edneas rectas y pocos elementos<\/label><\/li><li class=\"choice-2 depth-1\"><input type=\"radio\" id=\"wpforms-106-field_4_2\" name=\"wpforms[fields][4]\" value=\"Piezas con detalles cl\u00e1sicos y simetr\u00eda\" aria-errormessage=\"wpforms-106-field_4_2-error\"  ><label class=\"wpforms-field-label-inline\" for=\"wpforms-106-field_4_2\">Piezas con detalles cl\u00e1sicos y simetr\u00eda<\/label><\/li><li class=\"choice-3 depth-1\"><input type=\"radio\" id=\"wpforms-106-field_4_3\" name=\"wpforms[fields][4]\" value=\"Madera maciza y aspecto artesanal\" aria-errormessage=\"wpforms-106-field_4_3-error\"  ><label class=\"wpforms-field-label-inline\" for=\"wpforms-106-field_4_3\">Madera maciza y aspecto artesanal<\/label><\/li><li class=\"choice-4 depth-1\"><input type=\"radio\" id=\"wpforms-106-field_4_4\" name=\"wpforms[fields][4]\" value=\"Mezcla de estilos con piezas \u00fanicas\" aria-errormessage=\"wpforms-106-field_4_4-error\"  ><label class=\"wpforms-field-label-inline\" for=\"wpforms-106-field_4_4\">Mezcla de estilos con piezas \u00fanicas<\/label><\/li><\/ul><\/fieldset><\/div><div id=\"wpforms-106-field_5-container\" class=\"wpforms-field wpforms-field-radio\" data-field-id=\"5\"><fieldset><legend class=\"wpforms-field-label\">3) \u00bfC\u00f3mo prefieres que se vea tu espacio?<\/legend><ul id=\"wpforms-106-field_5\"><li class=\"choice-1 depth-1\"><input type=\"radio\" id=\"wpforms-106-field_5_1\" name=\"wpforms[fields][5]\" value=\"Ordenado, despejado y funcional\" aria-errormessage=\"wpforms-106-field_5_1-error\"  ><label class=\"wpforms-field-label-inline\" for=\"wpforms-106-field_5_1\">Ordenado, despejado y funcional<\/label><\/li><li class=\"choice-2 depth-1\"><input type=\"radio\" id=\"wpforms-106-field_5_2\" name=\"wpforms[fields][5]\" value=\"Sofisticado, pulido y atemporal\" aria-errormessage=\"wpforms-106-field_5_2-error\"  ><label class=\"wpforms-field-label-inline\" for=\"wpforms-106-field_5_2\">Sofisticado, pulido y atemporal<\/label><\/li><li class=\"choice-3 depth-1\"><input type=\"radio\" id=\"wpforms-106-field_5_3\" name=\"wpforms[fields][5]\" value=\"C\u00e1lido, natural y confortable\" aria-errormessage=\"wpforms-106-field_5_3-error\"  ><label class=\"wpforms-field-label-inline\" for=\"wpforms-106-field_5_3\">C\u00e1lido, natural y confortable<\/label><\/li><li class=\"choice-4 depth-1\"><input type=\"radio\" id=\"wpforms-106-field_5_4\" name=\"wpforms[fields][5]\" value=\"Art\u00edstico, relajado y con personalidad\" aria-errormessage=\"wpforms-106-field_5_4-error\"  ><label class=\"wpforms-field-label-inline\" for=\"wpforms-106-field_5_4\">Art\u00edstico, relajado y con personalidad<\/label><\/li><\/ul><\/fieldset><\/div><div id=\"wpforms-106-field_6-container\" class=\"wpforms-field wpforms-field-radio\" data-field-id=\"6\"><fieldset><legend class=\"wpforms-field-label\">4) \u00bfQu\u00e9 textiles elegir\u00edas?<\/legend><ul id=\"wpforms-106-field_6\"><li class=\"choice-1 depth-1\"><input type=\"radio\" id=\"wpforms-106-field_6_1\" name=\"wpforms[fields][6]\" value=\"Lisos, de buena calidad y sin estampados\" aria-errormessage=\"wpforms-106-field_6_1-error\"  ><label class=\"wpforms-field-label-inline\" for=\"wpforms-106-field_6_1\">Lisos, de buena calidad y sin estampados<\/label><\/li><li class=\"choice-2 depth-1\"><input type=\"radio\" id=\"wpforms-106-field_6_2\" name=\"wpforms[fields][6]\" value=\"Terciopelo, seda o tejidos elegantes\" aria-errormessage=\"wpforms-106-field_6_2-error\"  ><label class=\"wpforms-field-label-inline\" for=\"wpforms-106-field_6_2\">Terciopelo, seda o tejidos elegantes<\/label><\/li><li class=\"choice-3 depth-1\"><input type=\"radio\" id=\"wpforms-106-field_6_3\" name=\"wpforms[fields][6]\" value=\"Lino, algod\u00f3n y mantas de punto\" aria-errormessage=\"wpforms-106-field_6_3-error\"  ><label class=\"wpforms-field-label-inline\" for=\"wpforms-106-field_6_3\">Lino, algod\u00f3n y mantas de punto<\/label><\/li><li class=\"choice-4 depth-1\"><input type=\"radio\" id=\"wpforms-106-field_6_4\" name=\"wpforms[fields][6]\" value=\"Estampados \u00e9tnicos y capas de texturas\" aria-errormessage=\"wpforms-106-field_6_4-error\"  ><label class=\"wpforms-field-label-inline\" for=\"wpforms-106-field_6_4\">Estampados \u00e9tnicos y capas de texturas<\/label><\/li><\/ul><\/fieldset><\/div><div id=\"wpforms-106-field_7-container\" class=\"wpforms-field wpforms-field-radio\" data-field-id=\"7\"><fieldset><legend class=\"wpforms-field-label\">5) \u00bfQu\u00e9 tipo de iluminaci\u00f3n te gusta m\u00e1s?<\/legend><ul id=\"wpforms-106-field_7\"><li class=\"choice-1 depth-1\"><input type=\"radio\" id=\"wpforms-106-field_7_1\" name=\"wpforms[fields][7]\" value=\"L\u00e1mparas sencillas y luz blanca\/neutral\" aria-errormessage=\"wpforms-106-field_7_1-error\"  ><label class=\"wpforms-field-label-inline\" for=\"wpforms-106-field_7_1\">L\u00e1mparas sencillas y luz blanca\/neutral<\/label><\/li><li class=\"choice-2 depth-1\"><input type=\"radio\" id=\"wpforms-106-field_7_2\" name=\"wpforms[fields][7]\" value=\"Ara\u00f1as, apliques y luz c\u00e1lida elegante\" aria-errormessage=\"wpforms-106-field_7_2-error\"  ><label class=\"wpforms-field-label-inline\" for=\"wpforms-106-field_7_2\">Ara\u00f1as, apliques y luz c\u00e1lida elegante<\/label><\/li><li class=\"choice-3 depth-1\"><input type=\"radio\" id=\"wpforms-106-field_7_3\" name=\"wpforms[fields][7]\" value=\"Luz c\u00e1lida suave y l\u00e1mparas de fibras naturales\" aria-errormessage=\"wpforms-106-field_7_3-error\"  ><label class=\"wpforms-field-label-inline\" for=\"wpforms-106-field_7_3\">Luz c\u00e1lida suave y l\u00e1mparas de fibras naturales<\/label><\/li><li class=\"choice-4 depth-1\"><input type=\"radio\" id=\"wpforms-106-field_7_4\" name=\"wpforms[fields][7]\" value=\"Guirnaldas, l\u00e1mparas artesanales y luz ambiente\" aria-errormessage=\"wpforms-106-field_7_4-error\"  ><label class=\"wpforms-field-label-inline\" for=\"wpforms-106-field_7_4\">Guirnaldas, l\u00e1mparas artesanales y luz ambiente<\/label><\/li><\/ul><\/fieldset><\/div>\t\t<div id=\"wpforms-106-field_11-container\"\n\t\t\tclass=\"wpforms-field wpforms-field-text\"\n\t\t\tdata-field-type=\"text\"\n\t\t\tdata-field-id=\"11\"\n\t\t\t>\n\t\t\t<label class=\"wpforms-field-label\" for=\"wpforms-106-field_11\" >tu decoraci\u00f3n paleta<\/label>\n\t\t\t<input type=\"text\" id=\"wpforms-106-field_11\" class=\"wpforms-field-medium\" name=\"wpforms[fields][11]\" >\n\t\t<\/div>\n\t\t<div id=\"wpforms-106-field_8-container\" class=\"wpforms-field wpforms-field-radio\" data-field-id=\"8\"><fieldset><legend class=\"wpforms-field-label\">6) \u00bfQu\u00e9 decoraci\u00f3n de pared prefieres?<\/legend><ul id=\"wpforms-106-field_8\"><li class=\"choice-1 depth-1\"><input type=\"radio\" id=\"wpforms-106-field_8_1\" name=\"wpforms[fields][8]\" value=\"Arte simple, pocas piezas y marcos finos\" aria-errormessage=\"wpforms-106-field_8_1-error\"  ><label class=\"wpforms-field-label-inline\" for=\"wpforms-106-field_8_1\">Arte simple, pocas piezas y marcos finos<\/label><\/li><li class=\"choice-2 depth-1\"><input type=\"radio\" id=\"wpforms-106-field_8_2\" name=\"wpforms[fields][8]\" value=\"Cuadros cl\u00e1sicos, espejos ornamentados\" aria-errormessage=\"wpforms-106-field_8_2-error\"  ><label class=\"wpforms-field-label-inline\" for=\"wpforms-106-field_8_2\">Cuadros cl\u00e1sicos, espejos ornamentados<\/label><\/li><li class=\"choice-3 depth-1\"><input type=\"radio\" id=\"wpforms-106-field_8_3\" name=\"wpforms[fields][8]\" value=\"Elementos de madera, cestas, piezas r\u00fasticas\" aria-errormessage=\"wpforms-106-field_8_3-error\"  ><label class=\"wpforms-field-label-inline\" for=\"wpforms-106-field_8_3\">Elementos de madera, cestas, piezas r\u00fasticas<\/label><\/li><li class=\"choice-4 depth-1\"><input type=\"radio\" id=\"wpforms-106-field_8_4\" name=\"wpforms[fields][8]\" value=\"Galer\u00eda ecl\u00e9ctica, tapices y arte colorido\" aria-errormessage=\"wpforms-106-field_8_4-error\"  ><label class=\"wpforms-field-label-inline\" for=\"wpforms-106-field_8_4\">Galer\u00eda ecl\u00e9ctica, tapices y arte colorido<\/label><\/li><\/ul><\/fieldset><\/div><div id=\"wpforms-106-field_9-container\" class=\"wpforms-field wpforms-field-radio\" data-field-id=\"9\"><fieldset><legend class=\"wpforms-field-label\">7) \u00bfQu\u00e9 accesorios elegir\u00edas?<\/legend><ul id=\"wpforms-106-field_9\"><li class=\"choice-1 depth-1\"><input type=\"radio\" id=\"wpforms-106-field_9_1\" name=\"wpforms[fields][9]\" value=\"Pocos, pero muy bien seleccionados\" aria-errormessage=\"wpforms-106-field_9_1-error\"  ><label class=\"wpforms-field-label-inline\" for=\"wpforms-106-field_9_1\">Pocos, pero muy bien seleccionados<\/label><\/li><li class=\"choice-2 depth-1\"><input type=\"radio\" id=\"wpforms-106-field_9_2\" name=\"wpforms[fields][9]\" value=\"Accesorios de lujo y acabados met\u00e1licos\" aria-errormessage=\"wpforms-106-field_9_2-error\"  ><label class=\"wpforms-field-label-inline\" for=\"wpforms-106-field_9_2\">Accesorios de lujo y acabados met\u00e1licos<\/label><\/li><li class=\"choice-3 depth-1\"><input type=\"radio\" id=\"wpforms-106-field_9_3\" name=\"wpforms[fields][9]\" value=\"Cer\u00e1mica, mimbre y elementos naturales\" aria-errormessage=\"wpforms-106-field_9_3-error\"  ><label class=\"wpforms-field-label-inline\" for=\"wpforms-106-field_9_3\">Cer\u00e1mica, mimbre y elementos naturales<\/label><\/li><li class=\"choice-4 depth-1\"><input type=\"radio\" id=\"wpforms-106-field_9_4\" name=\"wpforms[fields][9]\" value=\"Souvenirs, piezas vintage y objetos artesanales\" aria-errormessage=\"wpforms-106-field_9_4-error\"  ><label class=\"wpforms-field-label-inline\" for=\"wpforms-106-field_9_4\">Souvenirs, piezas vintage y objetos artesanales<\/label><\/li><\/ul><\/fieldset><\/div><div id=\"wpforms-106-field_10-container\" class=\"wpforms-field wpforms-field-radio\" data-field-id=\"10\"><fieldset><legend class=\"wpforms-field-label\">8) \u00bfQu\u00e9 frase describe mejor tu estilo de decoraci\u00f3n?<\/legend><ul id=\"wpforms-106-field_10\"><li class=\"choice-1 depth-1\"><input type=\"radio\" id=\"wpforms-106-field_10_1\" name=\"wpforms[fields][10]\" value=\"Menos es m\u00e1s\" aria-errormessage=\"wpforms-106-field_10_1-error\"  ><label class=\"wpforms-field-label-inline\" for=\"wpforms-106-field_10_1\">Menos es m\u00e1s<\/label><\/li><li class=\"choice-2 depth-1\"><input type=\"radio\" id=\"wpforms-106-field_10_2\" name=\"wpforms[fields][10]\" value=\"Elegancia cl\u00e1sica\" aria-errormessage=\"wpforms-106-field_10_2-error\"  ><label class=\"wpforms-field-label-inline\" for=\"wpforms-106-field_10_2\">Elegancia cl\u00e1sica<\/label><\/li><li class=\"choice-3 depth-1\"><input type=\"radio\" id=\"wpforms-106-field_10_3\" name=\"wpforms[fields][10]\" value=\"Hogar c\u00e1lido y natural\" aria-errormessage=\"wpforms-106-field_10_3-error\"  ><label class=\"wpforms-field-label-inline\" for=\"wpforms-106-field_10_3\">Hogar c\u00e1lido y natural<\/label><\/li><li class=\"choice-4 depth-1\"><input type=\"radio\" id=\"wpforms-106-field_10_4\" name=\"wpforms[fields][10]\" value=\"Creatividad sin reglas\" aria-errormessage=\"wpforms-106-field_10_4-error\"  ><label class=\"wpforms-field-label-inline\" for=\"wpforms-106-field_10_4\">Creatividad sin reglas<\/label><\/li><\/ul><\/fieldset><\/div><script>\n\t\t\t\t( function() {\n\t\t\t\t\tconst style = document.createElement( 'style' );\n\t\t\t\t\tstyle.appendChild( document.createTextNode( '#wpforms-106-field_11-container { position: absolute !important; overflow: hidden !important; display: inline !important; height: 1px !important; width: 1px !important; z-index: -1000 !important; padding: 0 !important; } #wpforms-106-field_11-container input { visibility: hidden; } #wpforms-conversational-form-page #wpforms-106-field_11-container label { counter-increment: none; }' ) );\n\t\t\t\t\tdocument.head.appendChild( style );\n\t\t\t\t\tdocument.currentScript?.remove();\n\t\t\t\t} )();\n\t\t\t<\/script><\/div><!-- .wpforms-field-container --><div class=\"wpforms-submit-container\" ><input type=\"hidden\" name=\"wpforms[id]\" value=\"106\"><input type=\"hidden\" name=\"page_title\" value=\"\"><input type=\"hidden\" name=\"page_url\" value=\"https:\/\/hugobotia.fpcei.eu\/index.php?rest_route=\/wp\/v2\/pages\/111\"><input type=\"hidden\" name=\"url_referer\" value=\"\"><button type=\"submit\" name=\"wpforms[submit]\" id=\"wpforms-submit-106\" class=\"wpforms-submit\" data-alt-text=\"Enviando...\" data-submit-text=\"Submit\" aria-live=\"assertive\" value=\"wpforms-submit\">Submit<\/button><\/div><\/form><\/div>  <!-- .wpforms-container -->","protected":false},"excerpt":{"rendered":"","protected":false},"author":2,"featured_media":0,"parent":0,"menu_order":0,"comment_status":"closed","ping_status":"closed","template":"","meta":{"site-sidebar-layout":"default","site-content-layout":"","ast-site-content-layout":"default","site-content-style":"default","site-sidebar-style":"default","ast-global-header-display":"","ast-banner-title-visibility":"","ast-main-header-display":"","ast-hfb-above-header-display":"","ast-hfb-below-header-display":"","ast-hfb-mobile-header-display":"","site-post-title":"","ast-breadcrumbs-content":"","ast-featured-img":"","footer-sml-layout":"","theme-transparent-header-meta":"","adv-header-id-meta":"","stick-header-meta":"","header-above-stick-meta":"","header-main-stick-meta":"","header-below-stick-meta":"","astra-migrate-meta-layouts":"default","ast-page-background-enabled":"default","ast-page-background-meta":{"desktop":{"background-color":"var(--ast-global-color-5)","background-image":"","background-repeat":"repeat","background-position":"center center","background-size":"auto","background-attachment":"scroll","background-type":"","background-media":"","overlay-type":"","overlay-color":"","overlay-opacity":"","overlay-gradient":""},"tablet":{"background-color":"","background-image":"","background-repeat":"repeat","background-position":"center center","background-size":"auto","background-attachment":"scroll","background-type":"","background-media":"","overlay-type":"","overlay-color":"","overlay-opacity":"","overlay-gradient":""},"mobile":{"background-color":"","background-image":"","background-repeat":"repeat","background-position":"center center","background-size":"auto","background-attachment":"scroll","background-type":"","background-media":"","overlay-type":"","overlay-color":"","overlay-opacity":"","overlay-gradient":""}},"ast-content-background-meta":{"desktop":{"background-color":"var(--ast-global-color-4)","background-image":"","background-repeat":"repeat","background-position":"center center","background-size":"auto","background-attachment":"scroll","background-type":"","background-media":"","overlay-type":"","overlay-color":"","overlay-opacity":"","overlay-gradient":""},"tablet":{"background-color":"var(--ast-global-color-4)","background-image":"","background-repeat":"repeat","background-position":"center center","background-size":"auto","background-attachment":"scroll","background-type":"","background-media":"","overlay-type":"","overlay-color":"","overlay-opacity":"","overlay-gradient":""},"mobile":{"background-color":"var(--ast-global-color-4)","background-image":"","background-repeat":"repeat","background-position":"center center","background-size":"auto","background-attachment":"scroll","background-type":"","background-media":"","overlay-type":"","overlay-color":"","overlay-opacity":"","overlay-gradient":""}},"footnotes":""},"class_list":["post-111","page","type-page","status-publish","hentry"],"_links":{"self":[{"href":"https:\/\/hugobotia.fpcei.eu\/index.php?rest_route=\/wp\/v2\/pages\/111","targetHints":{"allow":["GET"]}}],"collection":[{"href":"https:\/\/hugobotia.fpcei.eu\/index.php?rest_route=\/wp\/v2\/pages"}],"about":[{"href":"https:\/\/hugobotia.fpcei.eu\/index.php?rest_route=\/wp\/v2\/types\/page"}],"author":[{"embeddable":true,"href":"https:\/\/hugobotia.fpcei.eu\/index.php?rest_route=\/wp\/v2\/users\/2"}],"replies":[{"embeddable":true,"href":"https:\/\/hugobotia.fpcei.eu\/index.php?rest_route=%2Fwp%2Fv2%2Fcomments&post=111"}],"version-history":[{"count":2,"href":"https:\/\/hugobotia.fpcei.eu\/index.php?rest_route=\/wp\/v2\/pages\/111\/revisions"}],"predecessor-version":[{"id":113,"href":"https:\/\/hugobotia.fpcei.eu\/index.php?rest_route=\/wp\/v2\/pages\/111\/revisions\/113"}],"wp:attachment":[{"href":"https:\/\/hugobotia.fpcei.eu\/index.php?rest_route=%2Fwp%2Fv2%2Fmedia&parent=111"}],"curies":[{"name":"wp","href":"https:\/\/api.w.org\/{rel}","templated":true}]}}